{"id":2617,"date":"2025-11-14T11:32:50","date_gmt":"2025-11-14T09:32:50","guid":{"rendered":"https:\/\/elearning.stayconnectedproject.eu\/?page_id=2617"},"modified":"2025-12-18T14:05:59","modified_gmt":"2025-12-18T12:05:59","slug":"action-plans","status":"publish","type":"page","link":"https:\/\/elearning.stayconnectedproject.eu\/bg\/action-plans\/","title":{"rendered":"\u041f\u043b\u0430\u043d\u043e\u0432\u0435 \u0437\u0430 \u0434\u0435\u0439\u0441\u0442\u0432\u0438\u0435"},"content":{"rendered":"<h1>Action Plans<\/h1>\n<div>\n<p>Social Connectedness Action Plans<\/p>\n<\/div>\n<ul>\n<li>\n<h2>Cyprus<\/h2>\n<div>\n<p>\u03a3\u03c7\u03ad\u03b4\u03b9\u03bf \u03b4\u03c1\u03ac\u03c3\u03b7\u03c2 \u03b3\u03b9\u03b1 \u03c4\u03b7\u03bd \u03ba\u03bf\u03b9\u03bd\u03c9\u03bd\u03b9\u03ba\u03ae \u03c3\u03c5\u03bd\u03b4\u03b5\u03c3\u03b9\u03bc\u03cc\u03c4\u03b7\u03c4\u03b1<\/p>\n<\/div>\n<p><a href=\"\/wp-content\/uploads\/2025\/11\/Social-Connectedness-Action-Plan-5.pdf\">Download<\/a><\/p>\n<\/li>\n<li>\n<h2>Bulgaria<\/h2>\n<div>\n<p>\u041f\u043b\u0430\u043d \u0437\u0430 \u0441\u043e\u0446\u0438\u0430\u043b\u043d\u0430 \u0441\u0432\u044a\u0440\u0437\u0430\u043d\u043e\u0441\u0442<\/p>\n<\/div>\n<p><a href=\"\/wp-content\/uploads\/2025\/11\/Social-Connectedness-Action-Plan-bg.pdf\">Download<\/a><\/p>\n<\/li>\n<li>\n<h2>Ireland<\/h2>\n<div>\n<p>Social Connectedness Action Plan<\/p>\n<\/div>\n<p><a href=\"\/wp-content\/uploads\/2025\/11\/Social-Connectedness-Action-Plan_Ireland.pdf\">Download<\/a><\/p>\n<\/li>\n<li>\n<h2>Portugal<\/h2>\n<div>\n<p>Plano de A\u00e7\u00e3o para a Conex\u00e3o Social<\/p>\n<\/div>\n<p><a href=\"\/wp-content\/uploads\/2025\/11\/LTTA_Social-Connectedness-Action-Plan_PT.pdf\">Download<\/a><\/p>\n<\/li>\n<li>\n<h2>Spain<\/h2>\n<div>\n<p>Plan de Accuion para la Conexion Social<\/p>\n<\/div>\n<p><a href=\"\/wp-content\/uploads\/2025\/11\/Social-Connectedness-Action-Plan.pdf\">Download<\/a><\/p>\n<\/li>\n<li>\n<h2>Greece<\/h2>\n<div>\n<p>\u03a3\u03c7\u03ad\u03b4\u03b9\u03bf \u03b4\u03c1\u03ac\u03c3\u03b7\u03c2 \u03b3\u03b9\u03b1 \u03c4\u03b7\u03bd \u03ba\u03bf\u03b9\u03bd\u03c9\u03bd\u03b9\u03ba\u03ae \u03c3\u03c5\u03bd\u03b4\u03b5\u03c3\u03b9\u03bc\u03cc\u03c4\u03b7\u03c4\u03b1<\/p>\n<\/div>\n<p><a href=\"\/wp-content\/uploads\/2025\/12\/Social-Connectedness-Action-Plan-UPatras.pdf\">Download<\/a><\/p>\n<\/li>\n<\/ul>\n<p><!--more--><br \/>\n<!-- {\"type\":\"layout\",\"children\":[{\"type\":\"section\",\"props\":{\"image_position\":\"center-center\",\"padding_remove_bottom\":false,\"style\":\"default\",\"title_breakpoint\":\"xl\",\"title_position\":\"top-left\",\"title_rotation\":\"left\",\"vertical_align\":\"\",\"width\":\"default\"},\"children\":[{\"type\":\"row\",\"children\":[{\"type\":\"column\",\"props\":{\"image_position\":\"center-center\",\"position_sticky_breakpoint\":\"m\"},\"children\":[{\"type\":\"breadcrumbs\",\"props\":{\"position\":\"relative\",\"show_current\":true,\"show_home\":true}}]}],\"props\":{\"margin\":\"small\",\"margin_remove_bottom\":false,\"margin_remove_top\":false}}],\"name\":\"S1 - HB\"},{\"type\":\"section\",\"props\":{\"animation\":\"scale-up\",\"animation_delay\":\"200\",\"image_position\":\"center-center\",\"padding_remove_top\":true,\"style\":\"default\",\"title_breakpoint\":\"xl\",\"title_position\":\"top-left\",\"title_rotation\":\"left\",\"vertical_align\":\"middle\",\"width\":\"default\"},\"children\":[{\"type\":\"row\",\"children\":[{\"type\":\"column\",\"props\":{\"image_position\":\"center-center\",\"position_sticky_breakpoint\":\"m\"},\"children\":[{\"type\":\"headline\",\"props\":{\"content\":\"Action Plans\",\"margin\":\"default\",\"margin_remove_top\":false,\"title_color\":\"primary\",\"title_element\":\"h1\"}}]}],\"props\":{\"margin\":\"default\"}},{\"type\":\"row\",\"props\":{\"css\":\".el-row {\\n    background-color:#fff;\\n    border:1px solid #E6E6E6;\\n    padding:2em 5em 5em 1em;\\n    margin:1em 0em 1em 0em;\\n    border-radius:1em;\\n    box-shadow:0px 0px 40px 5px #CCCCCC;\\n}\",\"margin\":\"medium\"},\"children\":[{\"type\":\"column\",\"props\":{\"image_position\":\"center-center\",\"position_sticky_breakpoint\":\"m\"},\"children\":[{\"type\":\"text\",\"props\":{\"column_breakpoint\":\"m\",\"content\":\"\n\n<p>Social Connectedness Action Plans<\\\/p>\",\"margin\":\"\",\"text_color\":\"primary\",\"text_style\":\"lead\"}}]}]}],\"name\":\"S2 - Image-Text\"},{\"type\":\"section\",\"props\":{\"animation\":\"scale-up\",\"animation_delay\":\"250\",\"height\":\"page\",\"image_position\":\"center-center\",\"padding_remove_top\":true,\"style\":\"default\",\"title_breakpoint\":\"xl\",\"title_position\":\"top-left\",\"title_rotation\":\"left\",\"vertical_align\":\"\",\"width\":\"default\"},\"children\":[{\"type\":\"row\",\"children\":[{\"type\":\"column\",\"props\":{\"image_position\":\"center-center\",\"position_sticky_breakpoint\":\"m\"},\"children\":[{\"name\":\"StayConnected - Country's - Action Plan Switcher \",\"type\":\"switcher\",\"children\":[{\"type\":\"switcher_item\",\"props\":{\"content\":\"\n\n<p>\\u03a3\\u03c7\\u03ad\\u03b4\\u03b9\\u03bf \\u03b4\\u03c1\\u03ac\\u03c3\\u03b7\\u03c2 \\u03b3\\u03b9\\u03b1 \\u03c4\\u03b7\\u03bd \\u03ba\\u03bf\\u03b9\\u03bd\\u03c9\\u03bd\\u03b9\\u03ba\\u03ae \\u03c3\\u03c5\\u03bd\\u03b4\\u03b5\\u03c3\\u03b9\\u03bc\\u03cc\\u03c4\\u03b7\\u03c4\\u03b1<\\\/p>\",\"image\":\"\",\"label\":\"\",\"link\":\"wp-content\\\/uploads\\\/2025\\\/11\\\/Social-Connectedness-Action-Plan-5.pdf\",\"meta\":\"\",\"thumbnail\":\"wp-content\\\/uploads\\\/2025\\\/11\\\/StayConnected_EU_Flags-07.png\",\"title\":\"Cyprus\"}},{\"type\":\"switcher_item\",\"props\":{\"content\":\"\n\n<p>\\u041f\\u043b\\u0430\\u043d \\u0437\\u0430 \\u0441\\u043e\\u0446\\u0438\\u0430\\u043b\\u043d\\u0430 \\u0441\\u0432\\u044a\\u0440\\u0437\\u0430\\u043d\\u043e\\u0441\\u0442<\\\/p>\",\"image\":\"\",\"label\":\"\",\"link\":\"wp-content\\\/uploads\\\/2025\\\/11\\\/Social-Connectedness-Action-Plan-bg.pdf\",\"meta\":\"\",\"thumbnail\":\"wp-content\\\/uploads\\\/2025\\\/11\\\/StayConnected_EU_Flags-08.png\",\"title\":\"Bulgaria\"}},{\"type\":\"switcher_item\",\"props\":{\"content\":\"\n\n<p>Social Connectedness Action Plan<\\\/p>\",\"image\":\"\",\"label\":\"\",\"link\":\"wp-content\\\/uploads\\\/2025\\\/11\\\/Social-Connectedness-Action-Plan_Ireland.pdf\",\"meta\":\"\",\"thumbnail\":\"wp-content\\\/uploads\\\/2025\\\/11\\\/StayConnected_EU_Flags-09.png\",\"title\":\"Ireland\"}},{\"type\":\"switcher_item\",\"props\":{\"content\":\"\n\n<p>Plano de A\\u00e7\\u00e3o para a Conex\\u00e3o Social<\\\/p>\",\"image\":\"\",\"label\":\"\",\"link\":\"wp-content\\\/uploads\\\/2025\\\/11\\\/LTTA_Social-Connectedness-Action-Plan_PT.pdf\",\"meta\":\"\",\"thumbnail\":\"wp-content\\\/uploads\\\/2025\\\/11\\\/StayConnected_EU_Flags-10.png\",\"title\":\"Portugal\"}},{\"type\":\"switcher_item\",\"props\":{\"content\":\"\n\n<p>Plan de Accuion para la Conexion Social<\\\/p>\",\"image\":\"\",\"label\":\"\",\"link\":\"wp-content\\\/uploads\\\/2025\\\/11\\\/Social-Connectedness-Action-Plan.pdf\",\"meta\":\"\",\"thumbnail\":\"wp-content\\\/uploads\\\/2025\\\/11\\\/StayConnected_EU_Flags-11.png\",\"title\":\"Spain\"}},{\"type\":\"switcher_item\",\"props\":{\"content\":\"\n\n<p>\\u03a3\\u03c7\\u03ad\\u03b4\\u03b9\\u03bf \\u03b4\\u03c1\\u03ac\\u03c3\\u03b7\\u03c2 \\u03b3\\u03b9\\u03b1 \\u03c4\\u03b7\\u03bd \\u03ba\\u03bf\\u03b9\\u03bd\\u03c9\\u03bd\\u03b9\\u03ba\\u03ae \\u03c3\\u03c5\\u03bd\\u03b4\\u03b5\\u03c3\\u03b9\\u03bc\\u03cc\\u03c4\\u03b7\\u03c4\\u03b1<\\\/p>\",\"link\":\"wp-content\\\/uploads\\\/2025\\\/12\\\/Social-Connectedness-Action-Plan-UPatras.pdf\",\"thumbnail\":\"wp-content\\\/uploads\\\/2025\\\/12\\\/EUFlags_greece-12.png\",\"title\":\"Greece\"}}],\"props\":{\"animation\":\"slide-bottom-medium\",\"class\":\"country-switcher\",\"content_column_breakpoint\":\"m\",\"content_style\":\"text-lead\",\"image_align\":\"top\",\"image_grid_breakpoint\":\"l\",\"image_grid_column_gap\":\"large\",\"image_grid_row_gap\":\"large\",\"image_grid_width\":\"auto\",\"image_height\":\"800\",\"image_svg_color\":\"emphasis\",\"image_svg_inline\":false,\"image_vertical_align\":true,\"image_width\":\"1600\",\"link_style\":\"default\",\"link_target\":true,\"link_text\":\"Download\",\"margin\":\"default\",\"meta_align\":\"below-title\",\"meta_element\":\"div\",\"meta_style\":\"text-meta\",\"nav\":\"thumbnav\",\"nav_align\":\"center\",\"nav_grid_breakpoint\":\"m\",\"nav_grid_width\":\"auto\",\"nav_position\":\"top\",\"show_content\":true,\"show_image\":true,\"show_label\":true,\"show_link\":true,\"show_meta\":true,\"show_thumbnail\":true,\"show_title\":true,\"switcher_animation\":\"scale-up\",\"switcher_height\":false,\"text_align\":\"center\",\"thumbnav_height\":\"100\",\"thumbnav_nowrap\":true,\"thumbnav_svg_color\":\"\",\"thumbnav_svg_inline\":true,\"thumbnav_width\":\"100\",\"title_align\":\"top\",\"title_color\":\"primary\",\"title_element\":\"h2\",\"title_grid_breakpoint\":\"m\",\"title_grid_width\":\"1-2\",\"title_margin\":\"medium\",\"title_style\":\"h2\"}}]}]}]}],\"version\":\"4.5.32\"} --><\/p>\n","protected":false},"excerpt":{"rendered":"<p>Action Plans Social Connectedness Action Plans Cyprus \u03a3\u03c7\u03ad\u03b4\u03b9\u03bf \u03b4\u03c1\u03ac\u03c3\u03b7\u03c2 \u03b3\u03b9\u03b1 \u03c4\u03b7\u03bd \u03ba\u03bf\u03b9\u03bd\u03c9\u03bd\u03b9\u03ba\u03ae \u03c3\u03c5\u03bd\u03b4\u03b5\u03c3\u03b9\u03bc\u03cc\u03c4\u03b7\u03c4\u03b1 Download Bulgaria \u041f\u043b\u0430\u043d \u0437\u0430 \u0441\u043e\u0446\u0438\u0430\u043b\u043d\u0430 \u0441\u0432\u044a\u0440\u0437\u0430\u043d\u043e\u0441\u0442 Download Ireland Social Connectedness Action Plan..<\/p>","protected":false},"author":1,"featured_media":0,"parent":0,"menu_order":0,"comment_status":"closed","ping_status":"closed","template":"","meta":{"_acf_changed":false,"inline_featured_image":false,"footnotes":""},"class_list":["post-2617","page","type-page","status-publish","hentry"],"acf":[],"_links":{"self":[{"href":"https:\/\/elearning.stayconnectedproject.eu\/bg\/wp-json\/wp\/v2\/pages\/2617","targetHints":{"allow":["GET"]}}],"collection":[{"href":"https:\/\/elearning.stayconnectedproject.eu\/bg\/wp-json\/wp\/v2\/pages"}],"about":[{"href":"https:\/\/elearning.stayconnectedproject.eu\/bg\/wp-json\/wp\/v2\/types\/page"}],"author":[{"embeddable":true,"href":"https:\/\/elearning.stayconnectedproject.eu\/bg\/wp-json\/wp\/v2\/users\/1"}],"replies":[{"embeddable":true,"href":"https:\/\/elearning.stayconnectedproject.eu\/bg\/wp-json\/wp\/v2\/comments?post=2617"}],"version-history":[{"count":18,"href":"https:\/\/elearning.stayconnectedproject.eu\/bg\/wp-json\/wp\/v2\/pages\/2617\/revisions"}],"predecessor-version":[{"id":2700,"href":"https:\/\/elearning.stayconnectedproject.eu\/bg\/wp-json\/wp\/v2\/pages\/2617\/revisions\/2700"}],"wp:attachment":[{"href":"https:\/\/elearning.stayconnectedproject.eu\/bg\/wp-json\/wp\/v2\/media?parent=2617"}],"curies":[{"name":"wp","href":"https:\/\/api.w.org\/{rel}","templated":true}]}}